{"id":19,"date":"2013-03-23T11:25:27","date_gmt":"2013-03-23T09:25:27","guid":{"rendered":"http:\/\/rootbb.de\/feuerwehr\/wordpress\/?page_id=19"},"modified":"2018-06-04T22:34:21","modified_gmt":"2018-06-04T20:34:21","slug":"testseite","status":"publish","type":"page","link":"https:\/\/www.kasendorf112.de\/?page_id=19","title":{"rendered":"Historie"},"content":{"rendered":"<p>Hier ein paar kleine Schnipsel aus der Geschichte der FF Kasendorf.<\/p>\n<p><a href=\"http:\/\/rootbb.de\/feuerwehr\/wordpress\/wp-content\/uploads\/bild-alt.jpg\" rel=\"rel=\u201dlightbox\u201d\"><img loading=\"lazy\" decoding=\"async\" class=\"alignleft wp-image-57 size-thumbnail\" src=\"http:\/\/rootbb.de\/feuerwehr\/wordpress\/wp-content\/uploads\/bild-alt-150x150.jpg\" alt=\"bild-alt\" width=\"150\" height=\"150\" \/><\/a>Gruppenfoto der FF Markt Kasendorf von 1900.<br \/>\nAuf dem Bild ist die Aktive Mannschaft zu sehen, die sich auf dem Markplatz von Kasendorf ablichten lies. Mit im Bild sind die alte Druckhebelspritze (links), in deren Besitz die FF noch heute ist.<br \/>\nEine Kutsche (rechts) und eine fahrbare Holzschiebeleiter (Hintergrund) sind auch zu erkennen, \u00fcber deren Verleib allerdings nur spekuliert werden kann. Im Hintergrund auch zu sehen ist das ehemalige Feuerwehrger\u00e4tehaus (h.-re.) welches bis 2000 noch seinen Zweck f\u00fcr die FF hatte. Heute ziert diesen Ort ein Buswarteh\u00e4uschen.<\/p>\n<p><a href=\"http:\/\/rootbb.de\/feuerwehr\/wordpress\/wp-content\/uploads\/zettel-alt.jpg\" rel=\"rel=\u201dlightbox\u201d\"><img loading=\"lazy\" decoding=\"async\" class=\"size-thumbnail wp-image-60 alignright\" src=\"http:\/\/rootbb.de\/feuerwehr\/wordpress\/wp-content\/uploads\/zettel-alt-150x150.jpg\" alt=\"zettel-alt\" width=\"150\" height=\"150\" \/><\/a><\/p>\n<p>Eine alte Rechnung die gefunden wurde:<\/p>\n<blockquote><p>\u00dcber den mir pers\u00f6nlich g\u00fctigst erteilten Auftrag beehre mich umstehend Rechnung zu \u00fcberreichen, hoffe, da\u00df die sorgf\u00e4ltige Ausf\u00fchrung Ihren gesch\u00e4tzten Beifall findet und Sie mir bei Wiederbedarf Ihre werten Auftr\u00e4ge erteilen werden.<\/p><\/blockquote>\n<p><a href=\"http:\/\/rootbb.de\/feuerwehr\/wordpress\/wp-content\/uploads\/kutsche1.jpg\" rel=\"rel=\u201dlightbox\u201d\"><img loading=\"lazy\" decoding=\"async\" class=\"alignleft size-thumbnail wp-image-58\" src=\"http:\/\/rootbb.de\/feuerwehr\/wordpress\/wp-content\/uploads\/kutsche1-150x150.jpg\" alt=\"kutsche1\" width=\"150\" height=\"150\" \/><\/a>Hier sehen wir nun die Druckhebelspritze die uns noch erhalten blieb.<br \/>\nLeider ist \u00fcber Typ, Baujahr, usw. keine genaue Aussage zu machen, da sich am Ger\u00e4t keine Aufschrift oder gar ein Typenschild befinden.<br \/>\nMan kann sich nur zum Erhaltungszustand \u00e4ussern, der, wie wir meinen, doch recht zufriedenstellend ist. Das &#8222;Gute alte St\u00fcck&#8220; hat sich seinen Weg in das 21.-Jahrtausend geebnet und wird, so wie wir hoffen, uns noch lange Zeit erhalten bleiben.<\/p>\n<p><a href=\"http:\/\/rootbb.de\/feuerwehr\/wordpress\/wp-content\/uploads\/kutsche2.jpg\" rel=\"rel=\u201dlightbox\u201d\"><img loading=\"lazy\" decoding=\"async\" class=\"size-thumbnail wp-image-59 alignright\" src=\"http:\/\/rootbb.de\/feuerwehr\/wordpress\/wp-content\/uploads\/kutsche2-150x150.jpg\" alt=\"kutsche2\" width=\"150\" height=\"150\" \/><\/a>Hier sehen wir nun eine &#8222;Motorspritzenkutsche&#8220;, die 1928 von der Firma Paul-Ludwig an die FF geliefert wurde. Auch diese Kutsche hat die H\u00fcrde ins Jahr 2000 ohne nennenswerte M\u00e4ngel und Sch\u00e4den \u00fcberstanden. Man k\u00f6nnte sagen, dass diese Kutsche den \u00dcbergang von &#8222;Pferdeantrieb&#8220; auf &#8222;Motorantrieb&#8220; darstellt; wann sieht man es schon einmal das ein Motor (Spritze) von Pferden bewegt wird.<\/p>\n","protected":false},"excerpt":{"rendered":"<p>Hier ein paar kleine Schnipsel aus der Geschichte der FF Kasendorf. Gruppenfoto der FF Markt Kasendorf von 1900. Auf dem Bild ist die Aktive Mannschaft zu sehen, die sich auf dem Markplatz von Kasendorf ablichten lies. Mit im Bild sind die alte Druckhebelspritze (links), in deren Besitz die FF noch heute ist. Eine Kutsche (rechts) &hellip; <a href=\"https:\/\/www.kasendorf112.de\/?page_id=19\" class=\"more-link\"><span class=\"screen-reader-text\">Historie<\/span> weiterlesen <span class=\"meta-nav\">&rarr;<\/span><\/a><\/p>\n","protected":false},"author":1,"featured_media":0,"parent":118,"menu_order":4,"comment_status":"closed","ping_status":"closed","template":"","meta":{"footnotes":""},"class_list":["post-19","page","type-page","status-publish","hentry"],"_links":{"self":[{"href":"https:\/\/www.kasendorf112.de\/index.php?rest_route=\/wp\/v2\/pages\/19","targetHints":{"allow":["GET"]}}],"collection":[{"href":"https:\/\/www.kasendorf112.de\/index.php?rest_route=\/wp\/v2\/pages"}],"about":[{"href":"https:\/\/www.kasendorf112.de\/index.php?rest_route=\/wp\/v2\/types\/page"}],"author":[{"embeddable":true,"href":"https:\/\/www.kasendorf112.de\/index.php?rest_route=\/wp\/v2\/users\/1"}],"replies":[{"embeddable":true,"href":"https:\/\/www.kasendorf112.de\/index.php?rest_route=%2Fwp%2Fv2%2Fcomments&post=19"}],"version-history":[{"count":21,"href":"https:\/\/www.kasendorf112.de\/index.php?rest_route=\/wp\/v2\/pages\/19\/revisions"}],"predecessor-version":[{"id":1023,"href":"https:\/\/www.kasendorf112.de\/index.php?rest_route=\/wp\/v2\/pages\/19\/revisions\/1023"}],"up":[{"embeddable":true,"href":"https:\/\/www.kasendorf112.de\/index.php?rest_route=\/wp\/v2\/pages\/118"}],"wp:attachment":[{"href":"https:\/\/www.kasendorf112.de\/index.php?rest_route=%2Fwp%2Fv2%2Fmedia&parent=19"}],"curies":[{"name":"wp","href":"https:\/\/api.w.org\/{rel}","templated":true}]}}