{"id":170,"date":"2014-04-22T21:47:36","date_gmt":"2014-04-22T19:47:36","guid":{"rendered":"http:\/\/rootbb.de\/feuerwehr\/wordpress\/?page_id=170"},"modified":"2014-08-21T13:06:21","modified_gmt":"2014-08-21T11:06:21","slug":"lf1612-details","status":"publish","type":"page","link":"https:\/\/www.kasendorf112.de\/?page_id=170","title":{"rendered":"Beladung"},"content":{"rendered":"<p><em>Kabine vorne:<\/em><\/p>\n<ul>\n<li style=\"text-align: left;\">Funkger\u00e4t 4m Festeinbau<\/li>\n<li>Handfunkger\u00e4t 4m<\/li>\n<li>2 Handfunkger\u00e4te 2m<\/li>\n<li>Funktionswesten<br \/>\n&#8211; Gruppenf\u00fchrer<br \/>\n&#8211; Zugf\u00fchrer<br \/>\n&#8211; Einsatzleiter<br \/>\n&#8211; Atemschutz\u00fcberwachung<\/li>\n<li>W\u00e4rmebildkamera PHOTONIC ACTIVE<\/li>\n<li>Atemschutz\u00fcberwachungstafel<a href=\"https:\/\/www.kasendorf112.de\/wp-content\/uploads\/armaturen1.jpg\"><br \/>\n<\/a><\/li>\n<li>Gruppenf\u00fchrertasche &#8222;VU&#8220;<\/li>\n<li>Ex\/Ox-Warnger\u00e4t<\/li>\n<li>Strahlendosimeter<\/li>\n<li>Notfallrucksack<\/li>\n<li>Winkerkelle<\/li>\n<li>2 Taschlampen<\/li>\n<li>2 Warndreiecke<\/li>\n<li>Verkehrswarnleuchte<\/li>\n<li>Einsatzunterlagen<\/li>\n<\/ul>\n<p><em>Kabine hinten:<\/em><\/p>\n<ul>\n<li>2 Atemschutzger\u00e4te in Sitzhalterung<br \/>\n&#8211; Pressluftatmer Dr\u00e4ger PSS40<br \/>\n&#8211; Atemluftflasche 300bar<br \/>\n&#8211; Totmannwarner<br \/>\n&#8211; Atemschutzhandschuhe<br \/>\n&#8211; Feuerwehrleine in auslaufsicherem Beutel<br \/>\n&#8211; ATG-Tasche (Bandschlinge, Keile, Kreide &#8230;)<\/li>\n<li>4 Atemschutzmasken Dr\u00e4ger Panorama Nova<\/li>\n<li>9 Mehrbereichsatemluftfilter<\/li>\n<li>2 Schutzhelme<\/li>\n<li>4 Fluchthauben<\/li>\n<li>Krankentrage BUND<\/li>\n<li>6 Feuerwehrleinen<\/li>\n<li>3\u00a0Handfunkger\u00e4te 2m<\/li>\n<li>2 Handfunkger\u00e4te 2m \u00a0mit\u00a0Ladeerhaltung<\/li>\n<li>4 Knicklampen (LED, Ex-Schutz)\u00a0mit\u00a0Ladeerhaltung<\/li>\n<li>2 Taschenlampen m. Anhaltestab<\/li>\n<li>2 Winkerkellen<\/li>\n<li>2 Warnfahnen<\/li>\n<li>9 Warnwesten<\/li>\n<li>8 Feuerwehrhaltegurte<\/li>\n<li>2 Paar Atemschutzhandschuhe<\/li>\n<li>2 Feuerwehr\u00e4xte<\/li>\n<li>Halligan Tool m. Spalthammer<\/li>\n<li>Force-Beil<\/li>\n<li>Schlauchpaket<br \/>\n&#8211; Hohlstrahlrohr 265l\/min ohne Griff<br \/>\n&#8211; 2 Druckschl\u00e4uche C 15m<br \/>\n&#8211; Kugelhahn C<\/li>\n<li>Pulverl\u00f6scher 12kg ABC-Pulver<\/li>\n<li>K\u00fcbelspritze<\/li>\n<li>2 Traget\u00fccher<\/li>\n<li>4 Schnittschutzhosen<\/li>\n<li>Brechwerkzeug<\/li>\n<li>Brechstange<\/li>\n<li>Brecheisen<\/li>\n<li>Nageleisen<\/li>\n<li>Axt<\/li>\n<li>M\u00fclls\u00e4cke<\/li>\n<li>Abdeckplane<\/li>\n<li>Bordwerkzeug<\/li>\n<li>Wagenheber<\/li>\n<li>NATO-Kartensatz<\/li>\n<li>Div. Kuscheltiere<\/li>\n<li>Trassierband<\/li>\n<\/ul>\n<p><em>G1:<\/em><\/p>\n<ul>\n<li>Hydraulischer Rettungssatz LUKAS<br \/>\n&#8211; Aggregat PA 6-P<br \/>\n&#8211; Spreizer LSP100<br \/>\n&#8211; Rettungsschere LS301EN<br \/>\n&#8211; Teleskoprettungszylinder LTR6\/570<br \/>\n&#8211; Rettungszylinder LZR 12\/700<br \/>\n&#8211; Rettungszylinder LZR 12\/500<br \/>\n&#8211; Handpumpe<\/li>\n<li>Hebekissensatz<br \/>\n&#8211; 2 Hebekissen VETTER 800mm<br \/>\n&#8211; 3 Druckluftflaschen<br \/>\n&#8211; Zweikreisbedieneinheit<br \/>\n&#8211; Druckluftleitungen<br \/>\n&#8211; Druckminderer<\/li>\n<li>2 Schwelleraufs\u00e4tze<\/li>\n<li>Glasmanagement<br \/>\n&#8211; Glass\u00e4ge &#8222;Glassmaster&#8220;<br \/>\n&#8211; Klebefolie<br \/>\n&#8211; Klebeband<br \/>\n&#8211; Federk\u00f6rner<br \/>\n&#8211; Staubmasken<\/li>\n<li>Gurtmesser<\/li>\n<li>Reifenmesser<\/li>\n<li>Nothammer<\/li>\n<li>R\u00fcstholz<\/li>\n<li>Div. Kantenschutz<\/li>\n<li>Vorschlaghammer<\/li>\n<li>Schachthaken<\/li>\n<\/ul>\n<p><em>G2:<\/em><\/p>\n<ul>\n<li>Stromerzeuger tragbar 8kV<\/li>\n<li>Beleuchtungssatz<br \/>\n&#8211; 2 Scheinwerfer Halogen 1000W<br \/>\n&#8211; Stativ 4,5m<br \/>\n&#8211; Abspannmaterial<br \/>\n&#8211; Aufnahmebr\u00fccke<br \/>\n&#8211; Verteilerst\u00fcck 3-fach &#8222;triBlock&#8220;<\/li>\n<li>2 Kabelroller SchuKo 50m<\/li>\n<li>2 Verl\u00e4ngerungskabel CEE16A 10m<\/li>\n<li>Werkzeugsatz Elektro<\/li>\n<li>Elektrische S\u00e4bels\u00e4ge<\/li>\n<li>Trennschleifer 250mm<\/li>\n<li>2 Motorkettens\u00e4gen<\/li>\n<li>2 Waldarbeiterhelme<\/li>\n<li>2 Schutzbrillen<\/li>\n<li>2 Spaten<\/li>\n<li>1 Pickel<\/li>\n<li>5 Kanister Benzin<\/li>\n<li>1 Kanister Ketten\u00f6l<\/li>\n<li>1 Kanister Benzin\/\u00d6l<\/li>\n<li>Abgasschlauch f. Stromerzeuger<\/li>\n<\/ul>\n<p><em>G3:<\/em><\/p>\n<ul>\n<li>2 Atemschutzger\u00e4te<br \/>\n&#8211; Pressluftatmer Dr\u00e4ger PSS40<br \/>\n&#8211; Atemluftflasche 300bar<br \/>\n&#8211; Totmannwarner<br \/>\n&#8211; Atemschutzhandschuhe<br \/>\n&#8211; ATG-Tasche (Bandschlinge, Keile, Kreide &#8230;)<\/li>\n<li>4 Atemluftersatzflaschen 300bar<\/li>\n<li>4 Atemschutzmasken Dr\u00e4ger Panorama Nova<\/li>\n<li>Ger\u00e4tesatz Tauchpumpe<br \/>\n&#8211;\u00a0Tauchpumpe TP4\/1<br \/>\n&#8211; Druckschlauch B 20m<br \/>\n&#8211; Schlauchf\u00fchrung<br \/>\n&#8211; Arbeitsleine<br \/>\n&#8211; Saugnetz<\/li>\n<li>2 Paar Gummistiefel<\/li>\n<li>2 Wathosen<\/li>\n<li>\u00d6lhandschuhe<\/li>\n<li>Schachtabdeckung<\/li>\n<li>Airbagsicherung OCTOPUS<\/li>\n<li>4 Zurrgurte 1 to<\/li>\n<\/ul>\n<p><em>G4:<\/em><\/p>\n<ul>\n<li>\u00dcberdruckl\u00fcfter<\/li>\n<li>Schaumzumischer Z4<\/li>\n<li>Netzmittelaufsatz<\/li>\n<li>Ansaugschlauch D<\/li>\n<li>6x 20l Schaummittel in Kanistern<\/li>\n<li>2x 3l Schaummittel in Flaschen<\/li>\n<li>F\u00fchrungslicht (4Blitzleuchten)<\/li>\n<li>4 Zurrgurte 2to<\/li>\n<li>2 Faltsignale<\/li>\n<li>Hygieneboard<\/li>\n<li>Getr\u00e4nke<\/li>\n<\/ul>\n<p><em>G5:<\/em><\/p>\n<ul>\n<li>4 Schlauchtragek\u00f6rbe 3x C 15m<\/li>\n<li>4 Druckschl\u00e4uche C 20m<\/li>\n<li>Druckschlauch D 5m<\/li>\n<li>2 Verteiler B-CBC<\/li>\n<li>3 Reduzierungen B-C<\/li>\n<li>Reduzierung C-D<\/li>\n<li>Kugelhahn C<\/li>\n<li>4 Saugschl\u00e4uche A<\/li>\n<li>2 Kupplungsschl\u00fcssel<\/li>\n<li>2 Drahtseile 10m<\/li>\n<li>Drahtseil 5m<\/li>\n<li>Drahtseil 2,5m<\/li>\n<li>3 Mulden<\/li>\n<\/ul>\n<p><em>G6:<\/em><\/p>\n<ul>\n<li>Schnellangriffseinrichtung<br \/>\n&#8211; 50m formstabiler Schlauch C25 auf Haspel<br \/>\n&#8211; Hohlstrahlrohr C 150l\/min<\/li>\n<li>4 Druckschl\u00e4uche B 20m<\/li>\n<li>2\u00a0St\u00fctzkr\u00fcmmer<\/li>\n<li>2 Mehrzweckstrahlrohre B<\/li>\n<li>2 Mehrzweckstrahlrohre C<\/li>\n<li>Mehrzweckstrahlrohr D<\/li>\n<li>Hohlstrahlrohr C 240l\/min<\/li>\n<li>Kombischaumrohr M4\/S4<\/li>\n<li>Mittelschaumpistole<\/li>\n<li>Wasserringmonitor 2400l\/min<\/li>\n<li>Diverse D\u00fcsen f.\u00a0Monitor<\/li>\n<li>Kugelhahn B<\/li>\n<li>Hydroschild C<\/li>\n<li>Werkzeugkasten<\/li>\n<li>6 Slauchhalter<\/li>\n<li>Kraftstoffabsaugpumpe<\/li>\n<li>Kraftstoffeinf\u00fcllstutzen<\/li>\n<\/ul>\n<p><em>GR:<\/em><\/p>\n<ul>\n<li>Feuerl\u00f6schpumpe 1600l\/min<\/li>\n<li>L\u00f6schwassertank 1600l<\/li>\n<li>Sammelst\u00fcck A-2B<\/li>\n<li>Saugkorb A<\/li>\n<li>Saugschutzkorb<\/li>\n<li>Druckbegrenzungsventil<\/li>\n<li>2 Druckschl\u00e4uche B 5m<\/li>\n<li>2 Reduzierungen B-C<\/li>\n<li>Reduzierung A-B<\/li>\n<li>5 Feuerwehrarbeitsleinen<\/li>\n<li>3 Kupplungsschl\u00fcssel<\/li>\n<li>10 Verkehrsleitkegel<\/li>\n<li>Handfunkger\u00e4t 2m\u00a0mit\u00a0Ladeerhaltung<\/li>\n<li>Zweitbesprechung Fahrzeugfunkger\u00e4t 4m<\/li>\n<\/ul>\n<p><em>Fahrzeugr\u00fcckseite:<\/em><\/p>\n<ul>\n<li>Pneumatischer Lichtmast GEROH in LED-Technik<\/li>\n<li>Zweimannschlauchfahrhaspel<br \/>\n&#8211; 8 Druckschl\u00e4uche B 20m<br \/>\n&#8211; Standrohr 2B<br \/>\n&#8211; Unterflurhydrantenschl\u00fcssel<br \/>\n&#8211; \u00dcberflurhydrantenschl\u00fcssel<br \/>\n&#8211; Kupplungsschl\u00fcssel<\/li>\n<\/ul>\n<p><em>Traversenkasen links:<\/em><\/p>\n<ul>\n<li>Mehrzweckzug 1,6t mit Zubeh\u00f6r<\/li>\n<li>Unterlegkeile<\/li>\n<\/ul>\n<p><em>Traversenkasten rechts:<\/em><\/p>\n<ul>\n<li>4 Hitzeschutzanz\u00fcge Form B<\/li>\n<li>2 Paar Gummistiefel S3<\/li>\n<li>2 Kanister Diesel<\/li>\n<\/ul>\n<p><em>Dach:<\/em><\/p>\n<ul>\n<li>Steckleiter 4-teilig<br \/>\n&#8211; 4\u00a0B-Teile<br \/>\n&#8211; 2 A-Einsteckteile<br \/>\n&#8211; Bockleiterteil<\/li>\n<li>Schiebleiter 3-teilig<\/li>\n<li>Rettungsplattform<\/li>\n<li>4 Chemischutzanz\u00fcge m. Zubeh\u00f6r<\/li>\n<li>Ger\u00e4tesatz Absturzsicherung<\/li>\n<li>Ger\u00e4tesatz Flaschenzug<\/li>\n<li>Schleifkorbtrage m. Zubeh\u00f6r<\/li>\n<li>Einrei\u00dfhaken<\/li>\n<li>Div. Besen<\/li>\n<li>Div. Schaufeln<\/li>\n<li>Dunghaken<\/li>\n<li>4 Waldbrandpatschen<\/li>\n<li>3 Kanister \u00d6lbinder<\/li>\n<li>2 Kanister \u00d6lbinder schwimmf\u00e4hig<br \/>\nm. Absch\u00f6pfschaufel<\/li>\n<li>Saugschlauch B 6m<\/li>\n<li>Schlauchbr\u00fccken<\/li>\n<li>Rauchvorhang<\/li>\n<li>Holzbohlen<\/li>\n<li>Absperrmaterial<\/li>\n<\/ul>\n<p>&gt;&gt; <a title=\"LF 16\/12\" href=\"https:\/\/www.kasendorf112.de\/?page_id=102\">\u00dcbersicht<\/a><br \/>\n&gt;&gt; <a title=\"Fotos\" href=\"https:\/\/www.kasendorf112.de\/?page_id=198\">Fotos<\/a><\/p>\n","protected":false},"excerpt":{"rendered":"<p>Kabine vorne: Funkger\u00e4t 4m Festeinbau Handfunkger\u00e4t 4m 2 Handfunkger\u00e4te 2m Funktionswesten &#8211; Gruppenf\u00fchrer &#8211; Zugf\u00fchrer &#8211; Einsatzleiter &#8211; Atemschutz\u00fcberwachung W\u00e4rmebildkamera PHOTONIC ACTIVE Atemschutz\u00fcberwachungstafel Gruppenf\u00fchrertasche &#8222;VU&#8220; Ex\/Ox-Warnger\u00e4t Strahlendosimeter Notfallrucksack Winkerkelle 2 Taschlampen 2 Warndreiecke Verkehrswarnleuchte Einsatzunterlagen Kabine hinten: 2 Atemschutzger\u00e4te in Sitzhalterung &#8211; Pressluftatmer Dr\u00e4ger PSS40 &#8211; Atemluftflasche 300bar &#8211; Totmannwarner &#8211; Atemschutzhandschuhe &#8211; Feuerwehrleine in &hellip; <a href=\"https:\/\/www.kasendorf112.de\/?page_id=170\" class=\"more-link\"><span class=\"screen-reader-text\">Beladung<\/span> weiterlesen <span class=\"meta-nav\">&rarr;<\/span><\/a><\/p>\n","protected":false},"author":5,"featured_media":0,"parent":102,"menu_order":2,"comment_status":"closed","ping_status":"closed","template":"","meta":{"footnotes":""},"class_list":["post-170","page","type-page","status-publish","hentry"],"_links":{"self":[{"href":"https:\/\/www.kasendorf112.de\/index.php?rest_route=\/wp\/v2\/pages\/170","targetHints":{"allow":["GET"]}}],"collection":[{"href":"https:\/\/www.kasendorf112.de\/index.php?rest_route=\/wp\/v2\/pages"}],"about":[{"href":"https:\/\/www.kasendorf112.de\/index.php?rest_route=\/wp\/v2\/types\/page"}],"author":[{"embeddable":true,"href":"https:\/\/www.kasendorf112.de\/index.php?rest_route=\/wp\/v2\/users\/5"}],"replies":[{"embeddable":true,"href":"https:\/\/www.kasendorf112.de\/index.php?rest_route=%2Fwp%2Fv2%2Fcomments&post=170"}],"version-history":[{"count":24,"href":"https:\/\/www.kasendorf112.de\/index.php?rest_route=\/wp\/v2\/pages\/170\/revisions"}],"predecessor-version":[{"id":312,"href":"https:\/\/www.kasendorf112.de\/index.php?rest_route=\/wp\/v2\/pages\/170\/revisions\/312"}],"up":[{"embeddable":true,"href":"https:\/\/www.kasendorf112.de\/index.php?rest_route=\/wp\/v2\/pages\/102"}],"wp:attachment":[{"href":"https:\/\/www.kasendorf112.de\/index.php?rest_route=%2Fwp%2Fv2%2Fmedia&parent=170"}],"curies":[{"name":"wp","href":"https:\/\/api.w.org\/{rel}","templated":true}]}}