{"id":149,"date":"2014-03-24T21:35:35","date_gmt":"2014-03-24T19:35:35","guid":{"rendered":"http:\/\/rootbb.de\/feuerwehr\/wordpress\/?page_id=149"},"modified":"2017-05-12T20:43:26","modified_gmt":"2017-05-12T18:43:26","slug":"jugendfeuerwehr","status":"publish","type":"page","link":"https:\/\/www.kasendorf112.de\/?page_id=149","title":{"rendered":"Jugendfeuerwehr"},"content":{"rendered":"<p>Die Jugendfeuerwehr vermittelt interessierten Jugendlichen zwischen Zehn und 18 Jahren Grundkenntnisse der Feuerwehrarbeit, f\u00fchrt die Feuerwehranw\u00e4rter an die Lehrg\u00e4nge heran, stellt Mannschaften zu Jungendwettk\u00e4mpfen auf und bietet Freizeitprogramme f\u00fcr ihre Mitglieder.<\/p>\n<p>Die Jugendfeuerwehr in Kasendorf hat aktuell 10 Mitglieder.<\/p>\n","protected":false},"excerpt":{"rendered":"<p>Die Jugendfeuerwehr vermittelt interessierten Jugendlichen zwischen Zehn und 18 Jahren Grundkenntnisse der Feuerwehrarbeit, f\u00fchrt die Feuerwehranw\u00e4rter an die Lehrg\u00e4nge heran, stellt Mannschaften zu Jungendwettk\u00e4mpfen auf und bietet Freizeitprogramme f\u00fcr ihre Mitglieder. Die Jugendfeuerwehr in Kasendorf hat aktuell 10 Mitglieder.<\/p>\n","protected":false},"author":5,"featured_media":0,"parent":118,"menu_order":1,"comment_status":"closed","ping_status":"closed","template":"","meta":{"footnotes":""},"class_list":["post-149","page","type-page","status-publish","hentry"],"_links":{"self":[{"href":"https:\/\/www.kasendorf112.de\/index.php?rest_route=\/wp\/v2\/pages\/149","targetHints":{"allow":["GET"]}}],"collection":[{"href":"https:\/\/www.kasendorf112.de\/index.php?rest_route=\/wp\/v2\/pages"}],"about":[{"href":"https:\/\/www.kasendorf112.de\/index.php?rest_route=\/wp\/v2\/types\/page"}],"author":[{"embeddable":true,"href":"https:\/\/www.kasendorf112.de\/index.php?rest_route=\/wp\/v2\/users\/5"}],"replies":[{"embeddable":true,"href":"https:\/\/www.kasendorf112.de\/index.php?rest_route=%2Fwp%2Fv2%2Fcomments&post=149"}],"version-history":[{"count":6,"href":"https:\/\/www.kasendorf112.de\/index.php?rest_route=\/wp\/v2\/pages\/149\/revisions"}],"predecessor-version":[{"id":970,"href":"https:\/\/www.kasendorf112.de\/index.php?rest_route=\/wp\/v2\/pages\/149\/revisions\/970"}],"up":[{"embeddable":true,"href":"https:\/\/www.kasendorf112.de\/index.php?rest_route=\/wp\/v2\/pages\/118"}],"wp:attachment":[{"href":"https:\/\/www.kasendorf112.de\/index.php?rest_route=%2Fwp%2Fv2%2Fmedia&parent=149"}],"curies":[{"name":"wp","href":"https:\/\/api.w.org\/{rel}","templated":true}]}}