{"id":121,"date":"2014-03-15T17:15:44","date_gmt":"2014-03-15T15:15:44","guid":{"rendered":"http:\/\/rootbb.de\/feuerwehr\/wordpress\/?page_id=121"},"modified":"2024-12-22T22:12:19","modified_gmt":"2024-12-22T20:12:19","slug":"vereinsfuehrung","status":"publish","type":"page","link":"https:\/\/www.kasendorf112.de\/?page_id=121","title":{"rendered":"Feuerwehrverein"},"content":{"rendered":"<p>Der Feuerwehrverein im klassischen oder gesetzlichen Sinne rekrutiert Mitglieder f\u00fcr die aktive Wehr und unterst\u00fctzt diese. Jedoch ist der Feuerwehrverein auch f\u00fcr die Kameradschaft und das Dorfleben unersetzlich. So obliegen ihm die Ausrichtung der Festlichkeiten wie etwa die Kasendorfer Kirchweih und das vereinseigene Mai-Fest, sowie die Unetrst\u00fctzung von Schule und Gemeinde beim Gregorius-Kinderfest.<\/p>\n<p><strong>Vereinsf\u00fchrung:<\/strong><\/p>\n<p>Vorsitzender: Leon Kolb<br \/>\nStellvertretender Vorsitzender: Janik Hammer<br \/>\nSchriftf\u00fchrer: Thomas Eschenbacher<br \/>\nKassier: Stefan H\u00fcbner<\/p>\n<p>Im M\u00e4rz 2018 wurde die Vereinssatzung zur Vereinfachung und Modernisierung neu erarbeitet und durch die Mitgliederversammlung beschlossen.<br \/>\n&gt;&gt; <a href=\"https:\/\/www.kasendorf112.de\/wp-content\/uploads\/Satzung-FF-Kasendorf-2018.pdf\" target=\"_blank\" rel=\"noopener\">Satzung des Feuerwehrvereins zur Ansicht<\/a><\/p>\n","protected":false},"excerpt":{"rendered":"<p>Der Feuerwehrverein im klassischen oder gesetzlichen Sinne rekrutiert Mitglieder f\u00fcr die aktive Wehr und unterst\u00fctzt diese. Jedoch ist der Feuerwehrverein auch f\u00fcr die Kameradschaft und das Dorfleben unersetzlich. So obliegen ihm die Ausrichtung der Festlichkeiten wie etwa die Kasendorfer Kirchweih und das vereinseigene Mai-Fest, sowie die Unetrst\u00fctzung von Schule und Gemeinde beim Gregorius-Kinderfest. Vereinsf\u00fchrung: Vorsitzender: &hellip; <a href=\"https:\/\/www.kasendorf112.de\/?page_id=121\" class=\"more-link\"><span class=\"screen-reader-text\">Feuerwehrverein<\/span> weiterlesen <span class=\"meta-nav\">&rarr;<\/span><\/a><\/p>\n","protected":false},"author":5,"featured_media":0,"parent":118,"menu_order":2,"comment_status":"closed","ping_status":"closed","template":"","meta":{"footnotes":""},"class_list":["post-121","page","type-page","status-publish","hentry"],"_links":{"self":[{"href":"https:\/\/www.kasendorf112.de\/index.php?rest_route=\/wp\/v2\/pages\/121","targetHints":{"allow":["GET"]}}],"collection":[{"href":"https:\/\/www.kasendorf112.de\/index.php?rest_route=\/wp\/v2\/pages"}],"about":[{"href":"https:\/\/www.kasendorf112.de\/index.php?rest_route=\/wp\/v2\/types\/page"}],"author":[{"embeddable":true,"href":"https:\/\/www.kasendorf112.de\/index.php?rest_route=\/wp\/v2\/users\/5"}],"replies":[{"embeddable":true,"href":"https:\/\/www.kasendorf112.de\/index.php?rest_route=%2Fwp%2Fv2%2Fcomments&post=121"}],"version-history":[{"count":8,"href":"https:\/\/www.kasendorf112.de\/index.php?rest_route=\/wp\/v2\/pages\/121\/revisions"}],"predecessor-version":[{"id":67712,"href":"https:\/\/www.kasendorf112.de\/index.php?rest_route=\/wp\/v2\/pages\/121\/revisions\/67712"}],"up":[{"embeddable":true,"href":"https:\/\/www.kasendorf112.de\/index.php?rest_route=\/wp\/v2\/pages\/118"}],"wp:attachment":[{"href":"https:\/\/www.kasendorf112.de\/index.php?rest_route=%2Fwp%2Fv2%2Fmedia&parent=121"}],"curies":[{"name":"wp","href":"https:\/\/api.w.org\/{rel}","templated":true}]}}