{"id":1026,"date":"2018-06-04T22:46:41","date_gmt":"2018-06-04T20:46:41","guid":{"rendered":"http:\/\/www.kasendorf112.de\/?page_id=1026"},"modified":"2026-03-19T00:10:08","modified_gmt":"2026-03-18T22:10:08","slug":"kontaktinformationen","status":"publish","type":"page","link":"https:\/\/www.kasendorf112.de\/?page_id=1026","title":{"rendered":"Kontaktinformationen"},"content":{"rendered":"<p>Sollten Sie mit uns in Kontakt treten wollen, k\u00f6nnen Sie das ganz allgemein mit einer E-Mail an die <a href=\"mailto:info@kasendorf112.de\">info@kasendorf112.de<\/a> tun.<\/p>\n<p>Sollte es etwas spezifischer werden, hilft Ihnen bei Angelegenheiten der <a href=\"https:\/\/www.kasendorf112.de\/?page_id=118\">aktiven Abteilung<\/a> der <em>Kommandant Michael Gro\u00df<\/em> weiter. Bei Fragen zum <a href=\"https:\/\/www.kasendorf112.de\/?page_id=121\">Vereinsleben<\/a>, Festen, Bewirtung etc. hilft Ihnen gerne der <em>Vereinsvorsitzende Leon Kolb.<\/em><\/p>\n<p>Wir verzichten bewusst auf Kontaktformulare, da wir gerne das pers\u00f6nliche Gespr\u00e4ch suchen. Sie haben daf\u00fcr sicher Verst\u00e4ndnis.<\/p>\n","protected":false},"excerpt":{"rendered":"<p>Sollten Sie mit uns in Kontakt treten wollen, k\u00f6nnen Sie das ganz allgemein mit einer E-Mail an die info@kasendorf112.de tun. Sollte es etwas spezifischer werden, hilft Ihnen bei Angelegenheiten der aktiven Abteilung der Kommandant Michael Gro\u00df weiter. Bei Fragen zum Vereinsleben, Festen, Bewirtung etc. hilft Ihnen gerne der Vereinsvorsitzende Leon Kolb. Wir verzichten bewusst auf &hellip; <a href=\"https:\/\/www.kasendorf112.de\/?page_id=1026\" class=\"more-link\"><span class=\"screen-reader-text\">Kontaktinformationen<\/span> weiterlesen <span class=\"meta-nav\">&rarr;<\/span><\/a><\/p>\n","protected":false},"author":5,"featured_media":0,"parent":0,"menu_order":99,"comment_status":"closed","ping_status":"closed","template":"","meta":{"footnotes":""},"class_list":["post-1026","page","type-page","status-publish","hentry"],"_links":{"self":[{"href":"https:\/\/www.kasendorf112.de\/index.php?rest_route=\/wp\/v2\/pages\/1026","targetHints":{"allow":["GET"]}}],"collection":[{"href":"https:\/\/www.kasendorf112.de\/index.php?rest_route=\/wp\/v2\/pages"}],"about":[{"href":"https:\/\/www.kasendorf112.de\/index.php?rest_route=\/wp\/v2\/types\/page"}],"author":[{"embeddable":true,"href":"https:\/\/www.kasendorf112.de\/index.php?rest_route=\/wp\/v2\/users\/5"}],"replies":[{"embeddable":true,"href":"https:\/\/www.kasendorf112.de\/index.php?rest_route=%2Fwp%2Fv2%2Fcomments&post=1026"}],"version-history":[{"count":3,"href":"https:\/\/www.kasendorf112.de\/index.php?rest_route=\/wp\/v2\/pages\/1026\/revisions"}],"predecessor-version":[{"id":67723,"href":"https:\/\/www.kasendorf112.de\/index.php?rest_route=\/wp\/v2\/pages\/1026\/revisions\/67723"}],"wp:attachment":[{"href":"https:\/\/www.kasendorf112.de\/index.php?rest_route=%2Fwp%2Fv2%2Fmedia&parent=1026"}],"curies":[{"name":"wp","href":"https:\/\/api.w.org\/{rel}","templated":true}]}}