{"id":102,"date":"2014-03-15T16:43:15","date_gmt":"2014-03-15T14:43:15","guid":{"rendered":"http:\/\/rootbb.de\/feuerwehr\/wordpress\/?page_id=102"},"modified":"2016-12-11T19:46:48","modified_gmt":"2016-12-11T17:46:48","slug":"lf-1612","status":"publish","type":"page","link":"https:\/\/www.kasendorf112.de\/?page_id=102","title":{"rendered":"L\u00f6schgruppenfahrzeug"},"content":{"rendered":"<p><strong>LF 16\/12<\/strong><br \/>\n<em>\u00a0 \u00a0L\u00f6schgruppenfahrzeug mit 1600l\/min-Pumpe und min. 1200l Wasser<\/em><\/p>\n<hr \/>\n<p>Funkrufname:\u00a0<strong>Florian Kasendorf 40\/01<br \/>\n<\/strong>Fahrgestell:\u00a0<strong>Mercedes Benz SK 1224<br \/>\n<\/strong>Aufbau:\u00a0<strong>FBH <\/strong>(Fahrzeugbau Holzminden)<\/p>\n<p><a href=\"https:\/\/www.kasendorf112.de\/wp-content\/uploads\/10268275_623944431016384_845324103_n.jpg\" rel=\"rel=&quot;lightbox&quot;\"><img loading=\"lazy\" decoding=\"async\" class=\"alignnone wp-image-204 size-thumbnail\" src=\"https:\/\/www.kasendorf112.de\/wp-content\/uploads\/10268275_623944431016384_845324103_n-150x150.jpg\" alt=\"10268275_623944431016384_845324103_n\" width=\"150\" height=\"150\" \/><\/a>\u00a0 \u00a0<a href=\"https:\/\/www.kasendorf112.de\/wp-content\/uploads\/hi-li.jpg\" rel=\"rel=&quot;lightbox&quot;\"><img loading=\"lazy\" decoding=\"async\" class=\"alignnone wp-image-203 size-thumbnail\" src=\"https:\/\/www.kasendorf112.de\/wp-content\/uploads\/hi-li-150x150.jpg\" alt=\"hi-li\" width=\"150\" height=\"150\" \/><\/a><\/p>\n<p>&gt;&gt;\u00a0<a title=\"Fotos\" href=\"http:\/\/rootbb.de\/feuerwehr\/wordpress\/?page_id=198\">Mehr Fotos<\/a><\/p>\n<p><em>Eckdaten:<\/em><\/p>\n<ul>\n<li>Einbaupumpe mit 1600l\/min bei 8 bar<\/li>\n<li>1600l Wasser + 120l Schaummittel<\/li>\n<li>Hydraulischer Rettungssatz<\/li>\n<li>Niederdruck-Hebekissen<\/li>\n<li>LED-Lichtmast<\/li>\n<li>Schlauchpaket<\/li>\n<li>W\u00e4rmebildkamera<\/li>\n<li>4 Chemikalienschutzanz\u00fcge<\/li>\n<li>Schlauhaspel mit Hydrantenzubeh\u00f6r<\/li>\n<li>Div. feuerwehrtechnische Ausstattung<\/li>\n<li>Div. Ausstattung zur Hilfeleistung<\/li>\n<\/ul>\n<p>&gt;&gt; <a title=\"Beladeliste\" href=\"http:\/\/rootbb.de\/feuerwehr\/wordpress\/?page_id=170\">Mehr Beladung<\/a><\/p>\n<p>&gt;&gt; Auch <a title=\"bei BOS-Fahrzeuge.info\" href=\"http:\/\/bos-fahrzeuge.info\/einsatzfahrzeuge\/124044\/Florian_Kasendorf_4001\" target=\"_blank\">bei BOS-Fahrzeuge.info<\/a>\u00a0zu finden!<\/p>\n","protected":false},"excerpt":{"rendered":"<p>LF 16\/12 \u00a0 \u00a0L\u00f6schgruppenfahrzeug mit 1600l\/min-Pumpe und min. 1200l Wasser Funkrufname:\u00a0Florian Kasendorf 40\/01 Fahrgestell:\u00a0Mercedes Benz SK 1224 Aufbau:\u00a0FBH (Fahrzeugbau Holzminden) \u00a0 \u00a0 &gt;&gt;\u00a0Mehr Fotos Eckdaten: Einbaupumpe mit 1600l\/min bei 8 bar 1600l Wasser + 120l Schaummittel Hydraulischer Rettungssatz Niederdruck-Hebekissen LED-Lichtmast Schlauchpaket W\u00e4rmebildkamera 4 Chemikalienschutzanz\u00fcge Schlauhaspel mit Hydrantenzubeh\u00f6r Div. feuerwehrtechnische Ausstattung Div. Ausstattung zur Hilfeleistung &gt;&gt; &hellip; <a href=\"https:\/\/www.kasendorf112.de\/?page_id=102\" class=\"more-link\"><span class=\"screen-reader-text\">L\u00f6schgruppenfahrzeug<\/span> weiterlesen <span class=\"meta-nav\">&rarr;<\/span><\/a><\/p>\n","protected":false},"author":5,"featured_media":0,"parent":128,"menu_order":0,"comment_status":"closed","ping_status":"closed","template":"","meta":{"footnotes":""},"class_list":["post-102","page","type-page","status-publish","hentry"],"_links":{"self":[{"href":"https:\/\/www.kasendorf112.de\/index.php?rest_route=\/wp\/v2\/pages\/102","targetHints":{"allow":["GET"]}}],"collection":[{"href":"https:\/\/www.kasendorf112.de\/index.php?rest_route=\/wp\/v2\/pages"}],"about":[{"href":"https:\/\/www.kasendorf112.de\/index.php?rest_route=\/wp\/v2\/types\/page"}],"author":[{"embeddable":true,"href":"https:\/\/www.kasendorf112.de\/index.php?rest_route=\/wp\/v2\/users\/5"}],"replies":[{"embeddable":true,"href":"https:\/\/www.kasendorf112.de\/index.php?rest_route=%2Fwp%2Fv2%2Fcomments&post=102"}],"version-history":[{"count":18,"href":"https:\/\/www.kasendorf112.de\/index.php?rest_route=\/wp\/v2\/pages\/102\/revisions"}],"predecessor-version":[{"id":587,"href":"https:\/\/www.kasendorf112.de\/index.php?rest_route=\/wp\/v2\/pages\/102\/revisions\/587"}],"up":[{"embeddable":true,"href":"https:\/\/www.kasendorf112.de\/index.php?rest_route=\/wp\/v2\/pages\/128"}],"wp:attachment":[{"href":"https:\/\/www.kasendorf112.de\/index.php?rest_route=%2Fwp%2Fv2%2Fmedia&parent=102"}],"curies":[{"name":"wp","href":"https:\/\/api.w.org\/{rel}","templated":true}]}}